{"id":119,"date":"2020-07-22T14:15:34","date_gmt":"2020-07-22T14:15:34","guid":{"rendered":"http:\/\/www.arielpalacio.com.ar\/blog\/?page_id=119"},"modified":"2020-12-08T22:19:55","modified_gmt":"2020-12-08T22:19:55","slug":"docencia-e-investigacion","status":"publish","type":"page","link":"http:\/\/www.arielpalacio.com.ar\/blog\/docencia-e-investigacion\/","title":{"rendered":"Docencia e Investigaci\u00f3n"},"content":{"rendered":"<p>[et_pb_section fb_built=\u00bb1&#8243; _builder_version=\u00bb4.5.1&#8243; _module_preset=\u00bbdefault\u00bb][et_pb_row _builder_version=\u00bb4.5.1&#8243; _module_preset=\u00bbdefault\u00bb][et_pb_column type=\u00bb4_4&#8243; _builder_version=\u00bb4.5.1&#8243; _module_preset=\u00bbdefault\u00bb][et_pb_text _builder_version=\u00bb4.5.1&#8243; _module_preset=\u00bbdefault\u00bb header_text_align=\u00bbcenter\u00bb header_line_height=\u00bb1.5em\u00bb header_2_text_align=\u00bbcenter\u00bb header_2_line_height=\u00bb1.5em\u00bb custom_padding=\u00bb|6em||6em|false|true\u00bb custom_padding_tablet=\u00bb\u00bb custom_padding_phone=\u00bb|0em||0em|false|true\u00bb custom_padding_last_edited=\u00bbon|phone\u00bb header_2_font_size_tablet=\u00bb\u00bb header_2_font_size_phone=\u00bb18px\u00bb header_2_font_size_last_edited=\u00bbon|phone\u00bb]<\/p>\n<h1><strong><em>Descubre!!<\/em><\/strong><\/h1>\n<h2><span>Aprender\u00e1s\u00a0de las clases virtuales de la materia Sistemas de Representaci\u00f3n I y II de la carrera de Arquitectura\u00a0en la Universidad Nacional del Sur (UNS) y de la materia Pr\u00e1ctica Profesional III en el Instituto Superior de la Bah\u00eda (ISB).<\/span><\/h2>\n<p>[\/et_pb_text][\/et_pb_column][\/et_pb_row][et_pb_row column_structure=\u00bb1_3,1_3,1_3&#8243; _builder_version=\u00bb4.5.1&#8243; _module_preset=\u00bbdefault\u00bb][et_pb_column type=\u00bb1_3&#8243; _builder_version=\u00bb4.5.1&#8243; _module_preset=\u00bbdefault\u00bb][et_pb_code _builder_version=\u00bb4.6.6&#8243; _module_preset=\u00bbdefault\u00bb hover_enabled=\u00bb0&#8243; sticky_enabled=\u00bb0&#8243;]<iframe loading=\"lazy\" width=\"560\" height=\"315\" src=\"https:\/\/www.youtube.com\/embed\/W5t5iyEPt5Y\" frameborder=\"0\" allow=\"accelerometer; autoplay; clipboard-write; encrypted-media; gyroscope; picture-in-picture\" allowfullscreen><\/iframe>[\/et_pb_code][\/et_pb_column][et_pb_column type=\u00bb1_3&#8243; _builder_version=\u00bb4.5.1&#8243; _module_preset=\u00bbdefault\u00bb][et_pb_code _builder_version=\u00bb4.6.6&#8243; _module_preset=\u00bbdefault\u00bb hover_enabled=\u00bb0&#8243; sticky_enabled=\u00bb0&#8243;]<iframe loading=\"lazy\" width=\"560\" height=\"315\" src=\"https:\/\/www.youtube.com\/embed\/ubRCewX5sQM\" frameborder=\"0\" allow=\"accelerometer; autoplay; clipboard-write; encrypted-media; gyroscope; picture-in-picture\" allowfullscreen><\/iframe>[\/et_pb_code][\/et_pb_column][et_pb_column type=\u00bb1_3&#8243; _builder_version=\u00bb4.5.1&#8243; _module_preset=\u00bbdefault\u00bb][et_pb_code _builder_version=\u00bb4.6.6&#8243; _module_preset=\u00bbdefault\u00bb hover_enabled=\u00bb0&#8243; sticky_enabled=\u00bb0&#8243;]<iframe loading=\"lazy\" width=\"560\" height=\"315\" src=\"https:\/\/www.youtube.com\/embed\/ezoYsNrsbLU\" frameborder=\"0\" allow=\"accelerometer; autoplay; clipboard-write; encrypted-media; gyroscope; picture-in-picture\" allowfullscreen><\/iframe>[\/et_pb_code][\/et_pb_column][\/et_pb_row][et_pb_row column_structure=\u00bb1_3,1_3,1_3&#8243; _builder_version=\u00bb4.5.1&#8243; _module_preset=\u00bbdefault\u00bb][et_pb_column type=\u00bb1_3&#8243; _builder_version=\u00bb4.5.1&#8243; _module_preset=\u00bbdefault\u00bb][et_pb_code _builder_version=\u00bb4.6.6&#8243; _module_preset=\u00bbdefault\u00bb hover_enabled=\u00bb0&#8243; sticky_enabled=\u00bb0&#8243;]<iframe loading=\"lazy\" width=\"560\" height=\"315\" src=\"https:\/\/www.youtube.com\/embed\/ap5Gh1Hftbw\" frameborder=\"0\" allow=\"accelerometer; autoplay; encrypted-media; gyroscope; picture-in-picture\" allowfullscreen><\/iframe>[\/et_pb_code][\/et_pb_column][et_pb_column type=\u00bb1_3&#8243; _builder_version=\u00bb4.5.1&#8243; _module_preset=\u00bbdefault\u00bb][et_pb_video src=\u00bbhttps:\/\/www.youtube.com\/watch?v=iVu9s7FhXNU\u00bb _builder_version=\u00bb4.6.6&#8243; _module_preset=\u00bbdefault\u00bb hover_enabled=\u00bb0&#8243; sticky_enabled=\u00bb0&#8243;][\/et_pb_video][\/et_pb_column][et_pb_column type=\u00bb1_3&#8243; _builder_version=\u00bb4.5.1&#8243; _module_preset=\u00bbdefault\u00bb][et_pb_video src=\u00bbhttps:\/\/www.youtube.com\/watch?v=nmDwI7ivg0k\u00bb _builder_version=\u00bb4.6.6&#8243; _module_preset=\u00bbdefault\u00bb hover_enabled=\u00bb0&#8243; sticky_enabled=\u00bb0&#8243;][\/et_pb_video][\/et_pb_column][\/et_pb_row][et_pb_row column_structure=\u00bb1_3,1_3,1_3&#8243; _builder_version=\u00bb4.5.1&#8243; _module_preset=\u00bbdefault\u00bb][et_pb_column type=\u00bb1_3&#8243; _builder_version=\u00bb4.5.1&#8243; _module_preset=\u00bbdefault\u00bb][et_pb_video src=\u00bbhttps:\/\/www.youtube.com\/watch?v=LEQnZ_37-Ao\u00bb _builder_version=\u00bb4.6.6&#8243; _module_preset=\u00bbdefault\u00bb hover_enabled=\u00bb0&#8243; sticky_enabled=\u00bb0&#8243;][\/et_pb_video][\/et_pb_column][et_pb_column type=\u00bb1_3&#8243; _builder_version=\u00bb4.5.1&#8243; _module_preset=\u00bbdefault\u00bb][et_pb_video src=\u00bbhttps:\/\/www.youtube.com\/watch?v=HY83seuEl5w\u00bb _builder_version=\u00bb4.6.6&#8243; _module_preset=\u00bbdefault\u00bb hover_enabled=\u00bb0&#8243; sticky_enabled=\u00bb0&#8243;][\/et_pb_video][\/et_pb_column][et_pb_column type=\u00bb1_3&#8243; _builder_version=\u00bb4.5.1&#8243; _module_preset=\u00bbdefault\u00bb][et_pb_video src=\u00bbhttps:\/\/www.youtube.com\/watch?v=7HKjNJ1Qxhc\u00bb _builder_version=\u00bb4.6.6&#8243; _module_preset=\u00bbdefault\u00bb hover_enabled=\u00bb0&#8243; sticky_enabled=\u00bb0&#8243;][\/et_pb_video][\/et_pb_column][\/et_pb_row][et_pb_row column_structure=\u00bb1_3,1_3,1_3&#8243; _builder_version=\u00bb4.5.1&#8243; _module_preset=\u00bbdefault\u00bb][et_pb_column type=\u00bb1_3&#8243; _builder_version=\u00bb4.5.1&#8243; _module_preset=\u00bbdefault\u00bb][et_pb_video src=\u00bbhttps:\/\/www.youtube.com\/watch?v=hBJFmuQPiSQ\u00bb _builder_version=\u00bb4.6.6&#8243; _module_preset=\u00bbdefault\u00bb hover_enabled=\u00bb0&#8243; sticky_enabled=\u00bb0&#8243;][\/et_pb_video][\/et_pb_column][et_pb_column type=\u00bb1_3&#8243; _builder_version=\u00bb4.5.1&#8243; _module_preset=\u00bbdefault\u00bb][et_pb_video src=\u00bbhttps:\/\/www.youtube.com\/watch?v=1EXadWkXc_Y\u00bb _builder_version=\u00bb4.6.6&#8243; _module_preset=\u00bbdefault\u00bb hover_enabled=\u00bb0&#8243; sticky_enabled=\u00bb0&#8243;][\/et_pb_video][\/et_pb_column][et_pb_column type=\u00bb1_3&#8243; _builder_version=\u00bb4.5.1&#8243; _module_preset=\u00bbdefault\u00bb][\/et_pb_column][\/et_pb_row][et_pb_row _builder_version=\u00bb4.5.1&#8243; _module_preset=\u00bbdefault\u00bb][et_pb_column type=\u00bb4_4&#8243; _builder_version=\u00bb4.5.1&#8243; _module_preset=\u00bbdefault\u00bb][et_pb_divider _builder_version=\u00bb4.5.1&#8243; _module_preset=\u00bbdefault\u00bb][\/et_pb_divider][et_pb_text _builder_version=\u00bb4.5.1&#8243; _module_preset=\u00bbdefault\u00bb]<\/p>\n<h2 style=\"text-align: center;\">ESPACIO ACADEMICO<\/h2>\n<p>&nbsp;<\/p>\n<p>[\/et_pb_text][\/et_pb_column][\/et_pb_row][et_pb_row column_structure=\u00bb2_3,1_3&#8243; _builder_version=\u00bb4.5.1&#8243; _module_preset=\u00bbdefault\u00bb][et_pb_column type=\u00bb2_3&#8243; _builder_version=\u00bb4.5.1&#8243; _module_preset=\u00bbdefault\u00bb][et_pb_text _builder_version=\u00bb4.5.1&#8243; _module_preset=\u00bbdefault\u00bb]<\/p>\n<h2><\/h2>\n<p>Espacio donde se publican diferentes experiencias acad\u00e9micas con alumnos de diferentes Instituciones\u00a0de Ense\u00f1aza del Dise\u00f1o\u00a0en Argentina.<\/p>\n<p>[\/et_pb_text][\/et_pb_column][et_pb_column type=\u00bb1_3&#8243; _builder_version=\u00bb4.5.1&#8243; _module_preset=\u00bbdefault\u00bb][et_pb_image src=\u00bbhttp:\/\/www.arielpalacio.com.ar\/blog\/wp-content\/uploads\/2020\/08\/blog-academico-1.jpg\u00bb alt=\u00bbBlog Academico Ariel Palacio\u00bb title_text=\u00bbblog academico\u00bb url=\u00bbhttp:\/\/espacioacademico-docencia.blogspot.com\/\u00bb url_new_window=\u00bbon\u00bb _builder_version=\u00bb4.5.1&#8243; _module_preset=\u00bbdefault\u00bb][\/et_pb_image][\/et_pb_column][\/et_pb_row][et_pb_row _builder_version=\u00bb4.5.1&#8243; _module_preset=\u00bbdefault\u00bb][et_pb_column type=\u00bb4_4&#8243; _builder_version=\u00bb4.5.1&#8243; _module_preset=\u00bbdefault\u00bb][et_pb_divider _builder_version=\u00bb4.5.1&#8243; _module_preset=\u00bbdefault\u00bb][\/et_pb_divider][et_pb_text _builder_version=\u00bb4.5.1&#8243; _module_preset=\u00bbdefault\u00bb]<\/p>\n<h2 style=\"text-align: center;\">PRENSA<\/h2>\n<p>&nbsp;<\/p>\n<p>[\/et_pb_text][\/et_pb_column][\/et_pb_row][et_pb_row column_structure=\u00bb1_2,1_2&#8243; _builder_version=\u00bb4.5.1&#8243; _module_preset=\u00bbdefault\u00bb][et_pb_column type=\u00bb1_2&#8243; _builder_version=\u00bb4.5.1&#8243; _module_preset=\u00bbdefault\u00bb][et_pb_image src=\u00bbhttp:\/\/www.arielpalacio.com.ar\/blog\/wp-content\/uploads\/2020\/08\/deck.jpg\u00bb alt=\u00bbObsesi\u00f3n por el dise\u00f1o Revista Deck\u00bb title_text=\u00bbdeck\u00bb url=\u00bbhttps:\/\/www.revistadeck.com\/obsesio-n-por-el-disen-o\/\u00bb url_new_window=\u00bbon\u00bb _builder_version=\u00bb4.5.7&#8243; _module_preset=\u00bbdefault\u00bb][\/et_pb_image][\/et_pb_column][et_pb_column type=\u00bb1_2&#8243; _builder_version=\u00bb4.5.1&#8243; _module_preset=\u00bbdefault\u00bb][et_pb_text _builder_version=\u00bb4.5.1&#8243; _module_preset=\u00bbdefault\u00bb]<\/p>\n<h4>REVISTA DECK. ARQUITECTURA, DISE\u00d1O Y DECORACI\u00d3N.<\/h4>\n<h1>Obsesi\u00f3n por el dise\u00f1o<\/h1>\n<p>A simple vista, puede percibirse que Ariel es un gran animador, de esos que saben comunicar las ideas con claridad, que conocen el contar y que dicen lindo y entretenido lo ma\u0301s simple. Un docente de alma, apasionado por su trabajo.<\/p>\n<p>Con la curiosidad a flor de piel y el entusiasmo que todo artista necesita, Palacio interpreta a la perfeccio\u0301n la meca\u0301nica del proceso creativo: \u201cpara tener una buena idea de disen\u0303o primero hay que tener muy claro una serie de para\u0301metros que condicionaran la futura creacio\u0301n, luego pensar una forma para esa idea, entendiendo la forma como un todo pluridisciplinar y recie\u0301n por ultimo comunicarla con el dibujo\u201d.<\/p>\n<p>[\/et_pb_text][et_pb_button button_url=\u00bbhttps:\/\/www.revistadeck.com\/obsesio-n-por-el-disen-o\/\u00bb url_new_window=\u00bbon\u00bb button_text=\u00bbVer la nota completa\u00bb _builder_version=\u00bb4.5.7&#8243; _module_preset=\u00bbdefault\u00bb][\/et_pb_button][\/et_pb_column][\/et_pb_row][et_pb_row _builder_version=\u00bb4.5.1&#8243; _module_preset=\u00bbdefault\u00bb][et_pb_column type=\u00bb4_4&#8243; _builder_version=\u00bb4.5.1&#8243; _module_preset=\u00bbdefault\u00bb][et_pb_divider _builder_version=\u00bb4.5.1&#8243; _module_preset=\u00bbdefault\u00bb][\/et_pb_divider][et_pb_text _builder_version=\u00bb4.5.1&#8243; _module_preset=\u00bbdefault\u00bb]<\/p>\n<h2 style=\"text-align: center;\">CHARLAS Y ENCUENTROS<\/h2>\n<p>[\/et_pb_text][\/et_pb_column][\/et_pb_row][et_pb_row _builder_version=\u00bb4.5.1&#8243; _module_preset=\u00bbdefault\u00bb][et_pb_column type=\u00bb4_4&#8243; _builder_version=\u00bb4.5.1&#8243; _module_preset=\u00bbdefault\u00bb][et_pb_blog fullwidth=\u00bboff\u00bb posts_number=\u00bb9&#8243; include_categories=\u00bb3,2,13,12&#8243; excerpt_length=\u00bb150&#8243; show_author=\u00bboff\u00bb show_categories=\u00bboff\u00bb _builder_version=\u00bb4.5.7&#8243; _module_preset=\u00bbdefault\u00bb border_width_all_image=\u00bb1px\u00bb border_color_all_image=\u00bb#d6d6d6&#8243;][\/et_pb_blog][\/et_pb_column][\/et_pb_row][et_pb_row column_structure=\u00bb1_3,1_3,1_3&#8243; _builder_version=\u00bb4.5.1&#8243; _module_preset=\u00bbdefault\u00bb][et_pb_column type=\u00bb1_3&#8243; _builder_version=\u00bb4.5.1&#8243; _module_preset=\u00bbdefault\u00bb][et_pb_image src=\u00bbhttp:\/\/www.arielpalacio.com.ar\/blog\/wp-content\/uploads\/2020\/07\/RED-DE-ESTUDIOS-DE-DISE\u00d1O.jpg\u00bb alt=\u00bbRed de estudios de dise\u00f1o UP\u00bb title_text=\u00bbRED DE ESTUDIOS DE DISE\u00d1O\u00bb url=\u00bbhttps:\/\/www.palermo.edu\/dyc\/red-disenio\/red.html\u00bb url_new_window=\u00bbon\u00bb _builder_version=\u00bb4.5.1&#8243; _module_preset=\u00bbdefault\u00bb border_radii=\u00bbon|1px|1px|1px|1px\u00bb border_width_all=\u00bb1px\u00bb border_color_all=\u00bb#d6d6d6&#8243; border_radii__hover_enabled=\u00bbon|desktop\u00bb transform_styles__hover_enabled=\u00bbon|hover\u00bb transform_scale__hover_enabled=\u00bbon|hover\u00bb transform_translate__hover_enabled=\u00bbon|desktop\u00bb transform_rotate__hover_enabled=\u00bbon|desktop\u00bb transform_skew__hover_enabled=\u00bbon|desktop\u00bb transform_origin__hover_enabled=\u00bbon|desktop\u00bb transform_scale__hover=\u00bb115%|115%\u00bb][\/et_pb_image][et_pb_text _builder_version=\u00bb4.5.1&#8243; _module_preset=\u00bbdefault\u00bb custom_padding=\u00bb|2em||2em|false|true\u00bb]<\/p>\n<p>Ariel integra este espacio de Estudios provenientes de m\u00e1s de 15 pa\u00edses con el objetivo de difundir la actividad de cada uno, su especializaci\u00f3n, clientes, datos de contacto y trabajos realizados.<\/p>\n<p>[\/et_pb_text][\/et_pb_column][et_pb_column type=\u00bb1_3&#8243; _builder_version=\u00bb4.5.1&#8243; _module_preset=\u00bbdefault\u00bb][et_pb_image src=\u00bbhttp:\/\/www.arielpalacio.com.ar\/blog\/wp-content\/uploads\/2020\/07\/clases-abiertas.jpg\u00bb alt=\u00bbCLASES ABIERTAS\u00bb title_text=\u00bbclases-abiertas\u00bb url=\u00bbhttp:\/\/www.arielpalacio.com.ar\/img\/AP-ClasesAbiertas-ISB.png\u00bb url_new_window=\u00bbon\u00bb _builder_version=\u00bb4.5.1&#8243; _module_preset=\u00bbdefault\u00bb border_width_all=\u00bb1px\u00bb border_color_all=\u00bb#d6d6d6&#8243; transform_styles__hover_enabled=\u00bbon|hover\u00bb transform_scale__hover_enabled=\u00bbon|hover\u00bb transform_translate__hover_enabled=\u00bbon|desktop\u00bb transform_rotate__hover_enabled=\u00bbon|desktop\u00bb transform_skew__hover_enabled=\u00bbon|desktop\u00bb transform_origin__hover_enabled=\u00bbon|desktop\u00bb transform_scale__hover=\u00bb115%|115%\u00bb][\/et_pb_image][et_pb_text _builder_version=\u00bb4.5.7&#8243; _module_preset=\u00bbdefault\u00bb custom_padding=\u00bb|2em||2em|false|true\u00bb]<\/p>\n<p>Sum\u00e1ndonos a la Semana del Dise\u00f1o en Buenos Aires.<br \/> El ISB te invita a que presencies las clases del dise\u00f1ador <em><strong>ARIEL PALACIO<\/strong><\/em> en la materia <em><strong>Pr\u00e1ctica Profesional III<\/strong><\/em> de la carrera <em><strong>Dise\u00f1o de Interiores<\/strong><\/em>.<\/p>\n<p>Todos los Lunes y Jueves de Noviembre de 20:40 a 22:40hs.<\/p>\n<p>No te lo pierdas, aprovech\u00e1 a sacarte todas tus dudas.<\/p>\n<p>JORNADAS LIBRES Y GRATUITAS<\/p>\n<p>Coordinadora Magdalena Valea<\/p>\n<p>[\/et_pb_text][\/et_pb_column][et_pb_column type=\u00bb1_3&#8243; _builder_version=\u00bb4.5.1&#8243; _module_preset=\u00bbdefault\u00bb][et_pb_image src=\u00bbhttp:\/\/www.arielpalacio.com.ar\/blog\/wp-content\/uploads\/2020\/07\/hablemos-de-dise\u00f1o.jpg\u00bb alt=\u00bbHablemos de dise\u00f1o\u00bb title_text=\u00bbhablemos-de-dise\u00f1o\u00bb _builder_version=\u00bb4.5.1&#8243; _module_preset=\u00bbdefault\u00bb border_width_all=\u00bb1px\u00bb border_color_all=\u00bb#d6d6d6&#8243;][\/et_pb_image][et_pb_text _builder_version=\u00bb4.5.1&#8243; _module_preset=\u00bbdefault\u00bb custom_padding=\u00bb|2em||2em|false|true\u00bb]<\/p>\n<p><span class=\"fbPhotosPhotoCaption\" aria-live=\"polite\" data-ft=\"{&quot;tn&quot;:&quot;K&quot;}\" id=\"fbPhotoSnowliftCaption\" tabindex=\"0\"><span class=\"hasCaption\">Mi\u00e9rcoles 2 de Noviembre de 8:30-10:30 en <a href=\"https:\/\/www.facebook.com\/enlaferiabb\/?__tn__=%2CdK%2AF-R&amp;eid=ARDnhi0jRg57HbL8HoTUzfskUT3tqrdAU-U8KyGlHVE9qK3fIUGZwJ7AdUi8pS-a7-FPQK8HdhNTRsG-\" data-hovercard=\"\/ajax\/hovercard\/page.php?id=1457490124506635&amp;extragetparams=%7B%22__tn__%22%3A%22%2CdK%2AF-R%22%2C%22eid%22%3A%22ARDnhi0jRg57HbL8HoTUzfskUT3tqrdAU-U8KyGlHVE9qK3fIUGZwJ7AdUi8pS-a7-FPQK8HdhNTRsG-%22%2C%22directed_target_id%22%3Anull%2C%22groups_location%22%3Anull%7D\" data-hovercard-prefer-more-content-show=\"1\">La Feria<\/a><br \/> Jornada Libre, descontracturada, abierta, participativa y gratuita.<br \/> Consum\u00ed lo que quieras.<br \/> Ariel Palacio es Dise\u00f1ador Industrial y Master en Dise\u00f1o Industrial y Creaci\u00f3n de Producto egresado de la Universidad Polit\u00e9cnica de Catalunya (Barcelona\/Espa\u00f1a). Posee una extensa trayectoria acad\u00e9mica (ex Profe Univ. Nac. de La Plata, UADE, Univ de Palermo y actualmente en el Instituto Superior de la Bah\u00eda) y profesional en el dise\u00f1o de autor.<br \/> EXPERIENCIAS QUE SUMAN.<\/span><\/span><\/p>\n<p>[\/et_pb_text][\/et_pb_column][\/et_pb_row][\/et_pb_section]<\/p>\n","protected":false},"excerpt":{"rendered":"<p>[et_pb_section fb_built=\u00bb1&#8243; _builder_version=\u00bb4.5.1&#8243; _module_preset=\u00bbdefault\u00bb][et_pb_row _builder_version=\u00bb4.5.1&#8243; _module_preset=\u00bbdefault\u00bb][et_pb_column type=\u00bb4_4&#8243; _builder_version=\u00bb4.5.1&#8243; _module_preset=\u00bbdefault\u00bb][et_pb_text _builder_version=\u00bb4.5.1&#8243; _module_preset=\u00bbdefault\u00bb header_text_align=\u00bbcenter\u00bb header_line_height=\u00bb1.5em\u00bb header_2_text_align=\u00bbcenter\u00bb header_2_line_height=\u00bb1.5em\u00bb custom_padding=\u00bb|6em||6em|false|true\u00bb custom_padding_tablet=\u00bb\u00bb custom_padding_phone=\u00bb|0em||0em|false|true\u00bb custom_padding_last_edited=\u00bbon|phone\u00bb header_2_font_size_tablet=\u00bb\u00bb header_2_font_size_phone=\u00bb18px\u00bb header_2_font_size_last_edited=\u00bbon|phone\u00bb] Descubre!! Aprender\u00e1s\u00a0de las clases virtuales de la materia Sistemas de Representaci\u00f3n I y II de la carrera de Arquitectura\u00a0en la Universidad Nacional del Sur (UNS) y de la materia Pr\u00e1ctica Profesional III en [&hellip;]<\/p>\n","protected":false},"author":1,"featured_media":0,"parent":0,"menu_order":0,"comment_status":"closed","ping_status":"closed","template":"","meta":{"_et_pb_use_builder":"on","_et_pb_old_content":"","_et_gb_content_width":"","footnotes":""},"_links":{"self":[{"href":"http:\/\/www.arielpalacio.com.ar\/blog\/wp-json\/wp\/v2\/pages\/119"}],"collection":[{"href":"http:\/\/www.arielpalacio.com.ar\/blog\/wp-json\/wp\/v2\/pages"}],"about":[{"href":"http:\/\/www.arielpalacio.com.ar\/blog\/wp-json\/wp\/v2\/types\/page"}],"author":[{"embeddable":true,"href":"http:\/\/www.arielpalacio.com.ar\/blog\/wp-json\/wp\/v2\/users\/1"}],"replies":[{"embeddable":true,"href":"http:\/\/www.arielpalacio.com.ar\/blog\/wp-json\/wp\/v2\/comments?post=119"}],"version-history":[{"count":47,"href":"http:\/\/www.arielpalacio.com.ar\/blog\/wp-json\/wp\/v2\/pages\/119\/revisions"}],"predecessor-version":[{"id":979,"href":"http:\/\/www.arielpalacio.com.ar\/blog\/wp-json\/wp\/v2\/pages\/119\/revisions\/979"}],"wp:attachment":[{"href":"http:\/\/www.arielpalacio.com.ar\/blog\/wp-json\/wp\/v2\/media?parent=119"}],"curies":[{"name":"wp","href":"https:\/\/api.w.org\/{rel}","templated":true}]}}